{"id":96693,"date":"2023-03-29T10:26:21","date_gmt":"2023-03-29T08:26:21","guid":{"rendered":"http:\/\/39.106.53.194\/?page_id=96693"},"modified":"2023-12-04T08:44:10","modified_gmt":"2023-12-04T07:44:10","slug":"festival-croisements-2023","status":"publish","type":"page","link":"https:\/\/faguowenhua.com\/en\/festival-croisements-2023\/","title":{"rendered":"(Fr) Festival Croisements 2023"},"content":{"rendered":"","protected":false},"excerpt":{"rendered":"","protected":false},"author":1,"featured_media":0,"parent":0,"menu_order":0,"comment_status":"closed","ping_status":"closed","template":"","meta":[],"acf":[],"yoast_head":"<!-- This site is optimized with the Yoast SEO plugin v20.8 - https:\/\/yoast.com\/wordpress\/plugins\/seo\/ -->\n<title>(Fr) Institut fran\u00e7ais Chine - Festival Croisements 2023<\/title>\n<meta name=\"description\" content=\"Le festival Croisements s\u2019est construit une identit\u00e9 forte \u00e0 travers des choix artistiques innovants, d\u00e9voilant la diversit\u00e9 de la cr\u00e9ation fran\u00e7aise et alimentant la coop\u00e9ration avec la Chine dans toutes les disciplines.\" \/>\n<meta name=\"robots\" content=\"index, follow, max-snippet:-1, max-image-preview:large, max-video-preview:-1\" \/>\n<link rel=\"canonical\" href=\"https:\/\/faguowenhua.com\/en\/festival-croisements-2023\/\" \/>\n<meta property=\"og:locale\" content=\"en_US\" \/>\n<meta property=\"og:type\" content=\"article\" \/>\n<meta property=\"og:title\" content=\"(Fr) Institut fran\u00e7ais Chine - Festival Croisements 2023\" \/>\n<meta property=\"og:description\" content=\"Le festival Croisements s\u2019est construit une identit\u00e9 forte \u00e0 travers des choix artistiques innovants, d\u00e9voilant la diversit\u00e9 de la cr\u00e9ation fran\u00e7aise et alimentant la coop\u00e9ration avec la Chine dans toutes les disciplines.\" \/>\n<meta property=\"og:url\" content=\"https:\/\/faguowenhua.com\/en\/festival-croisements-2023\/\" \/>\n<meta property=\"og:site_name\" content=\"Institut fran\u00e7ais Chine - La Culture fran\u00e7aise en Chine\" \/>\n<meta property=\"article:modified_time\" content=\"2023-12-04T07:44:10+00:00\" \/>\n<meta property=\"og:image\" content=\"https:\/\/faguowenhua.com\/wp-content\/uploads\/2023\/06\/site-seo-image.jpg\" \/>\n\t<meta property=\"og:image:width\" content=\"1200\" \/>\n\t<meta property=\"og:image:height\" content=\"675\" \/>\n\t<meta property=\"og:image:type\" content=\"image\/jpeg\" \/>\n<meta name=\"twitter:card\" content=\"summary_large_image\" \/>\n<meta name=\"twitter:site\" content=\"@InstitutFrChine\" \/>\n<script type=\"application\/ld+json\" class=\"yoast-schema-graph\">{\"@context\":\"https:\/\/schema.org\",\"@graph\":[{\"@type\":\"WebPage\",\"@id\":\"https:\/\/faguowenhua.com\/en\/festival-croisements-2023\/\",\"url\":\"https:\/\/faguowenhua.com\/en\/festival-croisements-2023\/\",\"name\":\"(Fr) Institut fran\u00e7ais Chine - Festival Croisements 2023\",\"isPartOf\":{\"@id\":\"https:\/\/faguowenhua.com\/en\/#website\"},\"datePublished\":\"2023-03-29T08:26:21+00:00\",\"dateModified\":\"2023-12-04T07:44:10+00:00\",\"description\":\"Le festival Croisements s\u2019est construit une identit\u00e9 forte \u00e0 travers des choix artistiques innovants, d\u00e9voilant la diversit\u00e9 de la cr\u00e9ation fran\u00e7aise et alimentant la coop\u00e9ration avec la Chine dans toutes les disciplines.\",\"breadcrumb\":{\"@id\":\"https:\/\/faguowenhua.com\/en\/festival-croisements-2023\/#breadcrumb\"},\"inLanguage\":\"en-US\",\"potentialAction\":[{\"@type\":\"ReadAction\",\"target\":[[\"https:\/\/faguowenhua.com\/en\/festival-croisements-2023\/\"]]}]},{\"@type\":\"BreadcrumbList\",\"@id\":\"https:\/\/faguowenhua.com\/en\/festival-croisements-2023\/#breadcrumb\",\"itemListElement\":[{\"@type\":\"ListItem\",\"position\":1,\"name\":\"Accueil\",\"item\":\"https:\/\/faguowenhua.com\/en\/\"},{\"@type\":\"ListItem\",\"position\":2,\"name\":\"Festival Croisements 2023\"}]},{\"@type\":\"WebSite\",\"@id\":\"https:\/\/faguowenhua.com\/en\/#website\",\"url\":\"https:\/\/faguowenhua.com\/en\/\",\"name\":\"Institut fran\u00e7ais de Chine\",\"description\":\"La Culture fran\u00e7aise en Chine\",\"publisher\":{\"@id\":\"https:\/\/faguowenhua.com\/en\/#organization\"},\"alternateName\":\"La Culture fran\u00e7aise en Chine\",\"potentialAction\":[{\"@type\":\"SearchAction\",\"target\":{\"@type\":\"EntryPoint\",\"urlTemplate\":\"https:\/\/faguowenhua.com\/en\/?s={search_term_string}\"},\"query-input\":\"required name=search_term_string\"}],\"inLanguage\":\"en-US\"},{\"@type\":\"Organization\",\"@id\":\"https:\/\/faguowenhua.com\/en\/#organization\",\"name\":\"Institut fran\u00e7ais de Chine\",\"alternateName\":\"Culture fran\u00e7aise en Chine\",\"url\":\"https:\/\/faguowenhua.com\/en\/\",\"logo\":{\"@type\":\"ImageObject\",\"inLanguage\":\"en-US\",\"@id\":\"https:\/\/faguowenhua.com\/en\/#\/schema\/logo\/image\/\",\"url\":\"https:\/\/faguowenhua.com\/wp-content\/uploads\/2023\/06\/institutfrancais-chine-logo.jpg\",\"contentUrl\":\"https:\/\/faguowenhua.com\/wp-content\/uploads\/2023\/06\/institutfrancais-chine-logo.jpg\",\"width\":696,\"height\":696,\"caption\":\"Institut fran\u00e7ais de Chine\"},\"image\":{\"@id\":\"https:\/\/faguowenhua.com\/en\/#\/schema\/logo\/image\/\"},\"sameAs\":[\"https:\/\/twitter.com\/InstitutFrChine\"]}]}<\/script>\n<!-- \/ Yoast SEO plugin. -->","yoast_head_json":{"title":"(Fr) Institut fran\u00e7ais Chine - Festival Croisements 2023","description":"Le festival Croisements s\u2019est construit une identit\u00e9 forte \u00e0 travers des choix artistiques innovants, d\u00e9voilant la diversit\u00e9 de la cr\u00e9ation fran\u00e7aise et alimentant la coop\u00e9ration avec la Chine dans toutes les disciplines.","robots":{"index":"index","follow":"follow","max-snippet":"max-snippet:-1","max-image-preview":"max-image-preview:large","max-video-preview":"max-video-preview:-1"},"canonical":"https:\/\/faguowenhua.com\/en\/festival-croisements-2023\/","og_locale":"en_US","og_type":"article","og_title":"(Fr) Institut fran\u00e7ais Chine - Festival Croisements 2023","og_description":"Le festival Croisements s\u2019est construit une identit\u00e9 forte \u00e0 travers des choix artistiques innovants, d\u00e9voilant la diversit\u00e9 de la cr\u00e9ation fran\u00e7aise et alimentant la coop\u00e9ration avec la Chine dans toutes les disciplines.","og_url":"https:\/\/faguowenhua.com\/en\/festival-croisements-2023\/","og_site_name":"Institut fran\u00e7ais Chine - La Culture fran\u00e7aise en Chine","article_modified_time":"2023-12-04T07:44:10+00:00","og_image":[{"width":1200,"height":675,"url":"https:\/\/faguowenhua.com\/wp-content\/uploads\/2023\/06\/site-seo-image.jpg","type":"image\/jpeg"}],"twitter_card":"summary_large_image","twitter_site":"@InstitutFrChine","schema":{"@context":"https:\/\/schema.org","@graph":[{"@type":"WebPage","@id":"https:\/\/faguowenhua.com\/en\/festival-croisements-2023\/","url":"https:\/\/faguowenhua.com\/en\/festival-croisements-2023\/","name":"(Fr) Institut fran\u00e7ais Chine - Festival Croisements 2023","isPartOf":{"@id":"https:\/\/faguowenhua.com\/en\/#website"},"datePublished":"2023-03-29T08:26:21+00:00","dateModified":"2023-12-04T07:44:10+00:00","description":"Le festival Croisements s\u2019est construit une identit\u00e9 forte \u00e0 travers des choix artistiques innovants, d\u00e9voilant la diversit\u00e9 de la cr\u00e9ation fran\u00e7aise et alimentant la coop\u00e9ration avec la Chine dans toutes les disciplines.","breadcrumb":{"@id":"https:\/\/faguowenhua.com\/en\/festival-croisements-2023\/#breadcrumb"},"inLanguage":"en-US","potentialAction":[{"@type":"ReadAction","target":[["https:\/\/faguowenhua.com\/en\/festival-croisements-2023\/"]]}]},{"@type":"BreadcrumbList","@id":"https:\/\/faguowenhua.com\/en\/festival-croisements-2023\/#breadcrumb","itemListElement":[{"@type":"ListItem","position":1,"name":"Accueil","item":"https:\/\/faguowenhua.com\/en\/"},{"@type":"ListItem","position":2,"name":"Festival Croisements 2023"}]},{"@type":"WebSite","@id":"https:\/\/faguowenhua.com\/en\/#website","url":"https:\/\/faguowenhua.com\/en\/","name":"Institut fran\u00e7ais de Chine","description":"La Culture fran\u00e7aise en Chine","publisher":{"@id":"https:\/\/faguowenhua.com\/en\/#organization"},"alternateName":"La Culture fran\u00e7aise en Chine","potentialAction":[{"@type":"SearchAction","target":{"@type":"EntryPoint","urlTemplate":"https:\/\/faguowenhua.com\/en\/?s={search_term_string}"},"query-input":"required name=search_term_string"}],"inLanguage":"en-US"},{"@type":"Organization","@id":"https:\/\/faguowenhua.com\/en\/#organization","name":"Institut fran\u00e7ais de Chine","alternateName":"Culture fran\u00e7aise en Chine","url":"https:\/\/faguowenhua.com\/en\/","logo":{"@type":"ImageObject","inLanguage":"en-US","@id":"https:\/\/faguowenhua.com\/en\/#\/schema\/logo\/image\/","url":"https:\/\/faguowenhua.com\/wp-content\/uploads\/2023\/06\/institutfrancais-chine-logo.jpg","contentUrl":"https:\/\/faguowenhua.com\/wp-content\/uploads\/2023\/06\/institutfrancais-chine-logo.jpg","width":696,"height":696,"caption":"Institut fran\u00e7ais de Chine"},"image":{"@id":"https:\/\/faguowenhua.com\/en\/#\/schema\/logo\/image\/"},"sameAs":["https:\/\/twitter.com\/InstitutFrChine"]}]}},"_links":{"self":[{"href":"https:\/\/faguowenhua.com\/en\/wp-json\/wp\/v2\/pages\/96693"}],"collection":[{"href":"https:\/\/faguowenhua.com\/en\/wp-json\/wp\/v2\/pages"}],"about":[{"href":"https:\/\/faguowenhua.com\/en\/wp-json\/wp\/v2\/types\/page"}],"author":[{"embeddable":true,"href":"https:\/\/faguowenhua.com\/en\/wp-json\/wp\/v2\/users\/1"}],"replies":[{"embeddable":true,"href":"https:\/\/faguowenhua.com\/en\/wp-json\/wp\/v2\/comments?post=96693"}],"version-history":[{"count":2,"href":"https:\/\/faguowenhua.com\/en\/wp-json\/wp\/v2\/pages\/96693\/revisions"}],"predecessor-version":[{"id":96695,"href":"https:\/\/faguowenhua.com\/en\/wp-json\/wp\/v2\/pages\/96693\/revisions\/96695"}],"wp:attachment":[{"href":"https:\/\/faguowenhua.com\/en\/wp-json\/wp\/v2\/media?parent=96693"}],"curies":[{"name":"wp","href":"https:\/\/api.w.org\/{rel}","templated":true}]}}